{"id":8498,"date":"2022-06-21T21:11:56","date_gmt":"2022-06-22T03:11:56","guid":{"rendered":"https:\/\/backup.nativo.graphics\/?page_id=8498"},"modified":"2025-06-19T20:48:23","modified_gmt":"2025-06-20T02:48:23","slug":"francisco-valverde","status":"publish","type":"page","link":"https:\/\/backup.nativo.graphics\/en\/catalogo\/pintura\/francisco-valverde\/","title":{"rendered":""},"content":{"rendered":"<p style=\"text-align: center;\"><a href=\"https:\/\/backup.nativo.graphics\/catalogo\/pintura\/ray-smith\/\">&lt;&lt; Ant.<\/a> | <a href=\"\/catalogo\/todos-los-artistas\/\">Artistas<\/a> | <a href=\"https:\/\/backup.nativo.graphics\/catalogo\/pintura\/victor-guadalajara\/\">Sig. &gt;&gt;<\/a><\/p>\n<div id=\"kad-wp-gallery843\" class=\"kad-wp-gallery gallery kt-gallery-column-3 init-isotope-intrinsic reinit-isotope kad-light-wp-gallery clearfix rowtight\" data-fade-in=\"1\" data-iso-selector=\".g_item\" data-iso-style=\"masonry\" data-iso-filter=\"false\"><div class=\"tcol-lg-4 tcol-md-4 tcol-sm-4 tcol-xs-6 tcol-ss-12 g_item\"><div class=\"grid_item kt_item_fade_in kad_gallery_fade_in gallery_item\"><a href=\"https:\/\/backup.nativo.graphics\/wp-content\/uploads\/2020\/07\/Talara-1.jpeg\" data-rel=\"lightbox\" class=\"lightboxhover\"><div class=\"kt-intrinsic\" style=\"padding-bottom:100%;\"><div itemprop=\"image\" itemscope itemtype=\"https:\/\/schema.org\/ImageObject\"><img loading=\"lazy\" decoding=\"async\" width=\"366\" height=\"366\" src=\"https:\/\/backup.nativo.graphics\/wp-content\/uploads\/2020\/07\/Talara-1-366x366.jpeg\" srcset=\"https:\/\/backup.nativo.graphics\/wp-content\/uploads\/2020\/07\/Talara-1-366x366.jpeg 366w, https:\/\/backup.nativo.graphics\/wp-content\/uploads\/2020\/07\/Talara-1-300x300.jpeg 300w, https:\/\/backup.nativo.graphics\/wp-content\/uploads\/2020\/07\/Talara-1-150x150.jpeg 150w, https:\/\/backup.nativo.graphics\/wp-content\/uploads\/2020\/07\/Talara-1-768x768.jpeg 768w, https:\/\/backup.nativo.graphics\/wp-content\/uploads\/2020\/07\/Talara-1-456x456.jpeg 456w, https:\/\/backup.nativo.graphics\/wp-content\/uploads\/2020\/07\/Talara-1-100x100.jpeg 100w, https:\/\/backup.nativo.graphics\/wp-content\/uploads\/2020\/07\/Talara-1-732x732.jpeg 732w, https:\/\/backup.nativo.graphics\/wp-content\/uploads\/2020\/07\/Talara-1.jpeg 771w\" sizes=\"auto, (max-width: 366px) 100vw, 366px\" data-caption=\"Talara, 2020 Resina pigmentada sobre panel 90 x 90 cm\" class=\"light-dropshaddow\" itemprop=\"contentUrl\" alt=\"\"><meta itemprop=\"url\" content=\"https:\/\/backup.nativo.graphics\/wp-content\/uploads\/2020\/07\/Talara-1-366x366.jpeg\"><meta itemprop=\"width\" content=\"366px\"><meta itemprop=\"height\" content=\"366px\"><\/div><\/div><div class=\"caption kad_caption\"><div class=\"kad_caption_inner\">Talara, 2020 Resina pigmentada sobre panel 90 x 90 cm<\/div><\/div><\/a><\/div><\/div><div class=\"tcol-lg-4 tcol-md-4 tcol-sm-4 tcol-xs-6 tcol-ss-12 g_item\"><div class=\"grid_item kt_item_fade_in kad_gallery_fade_in gallery_item\"><a href=\"https:\/\/backup.nativo.graphics\/wp-content\/uploads\/2020\/07\/Sarang-1.jpeg\" data-rel=\"lightbox\" class=\"lightboxhover\"><div class=\"kt-intrinsic\" style=\"padding-bottom:100%;\"><div itemprop=\"image\" itemscope itemtype=\"https:\/\/schema.org\/ImageObject\"><img loading=\"lazy\" decoding=\"async\" width=\"366\" height=\"366\" src=\"https:\/\/backup.nativo.graphics\/wp-content\/uploads\/2020\/07\/Sarang-1-366x366.jpeg\" srcset=\"https:\/\/backup.nativo.graphics\/wp-content\/uploads\/2020\/07\/Sarang-1-366x366.jpeg 366w, https:\/\/backup.nativo.graphics\/wp-content\/uploads\/2020\/07\/Sarang-1-300x300.jpeg 300w, https:\/\/backup.nativo.graphics\/wp-content\/uploads\/2020\/07\/Sarang-1-150x150.jpeg 150w, https:\/\/backup.nativo.graphics\/wp-content\/uploads\/2020\/07\/Sarang-1-456x456.jpeg 456w, https:\/\/backup.nativo.graphics\/wp-content\/uploads\/2020\/07\/Sarang-1-100x100.jpeg 100w, https:\/\/backup.nativo.graphics\/wp-content\/uploads\/2020\/07\/Sarang-1-732x732.jpeg 732w, https:\/\/backup.nativo.graphics\/wp-content\/uploads\/2020\/07\/Sarang-1.jpeg 755w\" sizes=\"auto, (max-width: 366px) 100vw, 366px\" data-caption=\"Sarang, 2020 Resina pigmentada sobre panel 90 x 90 cm\" class=\"light-dropshaddow\" itemprop=\"contentUrl\" alt=\"\"><meta itemprop=\"url\" content=\"https:\/\/backup.nativo.graphics\/wp-content\/uploads\/2020\/07\/Sarang-1-366x366.jpeg\"><meta itemprop=\"width\" content=\"366px\"><meta itemprop=\"height\" content=\"366px\"><\/div><\/div><div class=\"caption kad_caption\"><div class=\"kad_caption_inner\">Sarang, 2020 Resina pigmentada sobre panel 90 x 90 cm<\/div><\/div><\/a><\/div><\/div><div class=\"tcol-lg-4 tcol-md-4 tcol-sm-4 tcol-xs-6 tcol-ss-12 g_item\"><div class=\"grid_item kt_item_fade_in kad_gallery_fade_in gallery_item\"><a href=\"https:\/\/backup.nativo.graphics\/wp-content\/uploads\/2020\/07\/Saorsa-1.jpeg\" data-rel=\"lightbox\" class=\"lightboxhover\"><div class=\"kt-intrinsic\" style=\"padding-bottom:100%;\"><div itemprop=\"image\" itemscope itemtype=\"https:\/\/schema.org\/ImageObject\"><img loading=\"lazy\" decoding=\"async\" width=\"366\" height=\"366\" src=\"https:\/\/backup.nativo.graphics\/wp-content\/uploads\/2020\/07\/Saorsa-1-366x366.jpeg\" srcset=\"https:\/\/backup.nativo.graphics\/wp-content\/uploads\/2020\/07\/Saorsa-1-366x366.jpeg 366w, https:\/\/backup.nativo.graphics\/wp-content\/uploads\/2020\/07\/Saorsa-1-300x300.jpeg 300w, https:\/\/backup.nativo.graphics\/wp-content\/uploads\/2020\/07\/Saorsa-1-150x150.jpeg 150w, https:\/\/backup.nativo.graphics\/wp-content\/uploads\/2020\/07\/Saorsa-1-456x456.jpeg 456w, https:\/\/backup.nativo.graphics\/wp-content\/uploads\/2020\/07\/Saorsa-1-100x100.jpeg 100w, https:\/\/backup.nativo.graphics\/wp-content\/uploads\/2020\/07\/Saorsa-1-732x732.jpeg 732w, https:\/\/backup.nativo.graphics\/wp-content\/uploads\/2020\/07\/Saorsa-1.jpeg 751w\" sizes=\"auto, (max-width: 366px) 100vw, 366px\" data-caption=\"Saorsa, 2020 Resina pigmentada sobre panel 90 x 90 cm\" class=\"light-dropshaddow\" itemprop=\"contentUrl\" alt=\"\"><meta itemprop=\"url\" content=\"https:\/\/backup.nativo.graphics\/wp-content\/uploads\/2020\/07\/Saorsa-1-366x366.jpeg\"><meta itemprop=\"width\" content=\"366px\"><meta itemprop=\"height\" content=\"366px\"><\/div><\/div><div class=\"caption kad_caption\"><div class=\"kad_caption_inner\">Saorsa, 2020 Resina pigmentada sobre panel 90 x 90 cm<\/div><\/div><\/a><\/div><\/div><\/div>\n<div id=\"kad-wp-gallery149\" class=\"kad-wp-gallery gallery kt-gallery-column-3 init-isotope-intrinsic reinit-isotope kad-light-wp-gallery clearfix rowtight\" data-fade-in=\"1\" data-iso-selector=\".g_item\" data-iso-style=\"masonry\" data-iso-filter=\"false\"><div class=\"tcol-lg-4 tcol-md-4 tcol-sm-4 tcol-xs-6 tcol-ss-12 g_item\"><div class=\"grid_item kt_item_fade_in kad_gallery_fade_in gallery_item\"><a href=\"https:\/\/backup.nativo.graphics\/wp-content\/uploads\/2018\/12\/methuselah-1.jpg\" data-rel=\"lightbox\" class=\"lightboxhover\"><div class=\"kt-intrinsic\" style=\"padding-bottom:107.10382513661%;\"><div itemprop=\"image\" itemscope itemtype=\"https:\/\/schema.org\/ImageObject\"><img loading=\"lazy\" decoding=\"async\" width=\"366\" height=\"392\" src=\"https:\/\/backup.nativo.graphics\/wp-content\/uploads\/2018\/12\/methuselah-1-366x392.jpg\" srcset=\"https:\/\/backup.nativo.graphics\/wp-content\/uploads\/2018\/12\/methuselah-1-366x392.jpg 366w, https:\/\/backup.nativo.graphics\/wp-content\/uploads\/2018\/12\/methuselah-1-280x300.jpg 280w, https:\/\/backup.nativo.graphics\/wp-content\/uploads\/2018\/12\/methuselah-1-768x822.jpg 768w, https:\/\/backup.nativo.graphics\/wp-content\/uploads\/2018\/12\/methuselah-1-956x1024.jpg 956w, https:\/\/backup.nativo.graphics\/wp-content\/uploads\/2018\/12\/methuselah-1-732x784.jpg 732w, https:\/\/backup.nativo.graphics\/wp-content\/uploads\/2018\/12\/methuselah-1.jpg 2376w\" sizes=\"auto, (max-width: 366px) 100vw, 366px\" data-caption=\"METHUSELAH, 2018 Resina pigmentada sobre panel 122 x 122 cm\" class=\"light-dropshaddow\" itemprop=\"contentUrl\" alt=\"\"><meta itemprop=\"url\" content=\"https:\/\/backup.nativo.graphics\/wp-content\/uploads\/2018\/12\/methuselah-1-366x392.jpg\"><meta itemprop=\"width\" content=\"366px\"><meta itemprop=\"height\" content=\"392px\"><\/div><\/div><div class=\"caption kad_caption\"><div class=\"kad_caption_inner\">METHUSELAH, 2018 Resina pigmentada sobre panel 122 x 122 cm<\/div><\/div><\/a><\/div><\/div><div class=\"tcol-lg-4 tcol-md-4 tcol-sm-4 tcol-xs-6 tcol-ss-12 g_item\"><div class=\"grid_item kt_item_fade_in kad_gallery_fade_in gallery_item\"><a href=\"https:\/\/backup.nativo.graphics\/wp-content\/uploads\/2018\/12\/homenaje-2-scaled.jpg\" data-rel=\"lightbox\" class=\"lightboxhover\"><div class=\"kt-intrinsic\" style=\"padding-bottom:65.573770491803%;\"><div itemprop=\"image\" itemscope itemtype=\"https:\/\/schema.org\/ImageObject\"><img loading=\"lazy\" decoding=\"async\" width=\"366\" height=\"240\" src=\"https:\/\/backup.nativo.graphics\/wp-content\/uploads\/2018\/12\/homenaje-2-366x240.jpg\" srcset=\"https:\/\/backup.nativo.graphics\/wp-content\/uploads\/2018\/12\/homenaje-2-366x240.jpg 366w, https:\/\/backup.nativo.graphics\/wp-content\/uploads\/2018\/12\/homenaje-2-300x197.jpg 300w, https:\/\/backup.nativo.graphics\/wp-content\/uploads\/2018\/12\/homenaje-2-768x504.jpg 768w, https:\/\/backup.nativo.graphics\/wp-content\/uploads\/2018\/12\/homenaje-2-1024x672.jpg 1024w, https:\/\/backup.nativo.graphics\/wp-content\/uploads\/2018\/12\/homenaje-2-732x480.jpg 732w\" sizes=\"auto, (max-width: 366px) 100vw, 366px\" data-caption=\"HOMENAJE A ELLSWORTH, 2018 Resina pigmentada sobre panel 6 piezas 130 x 200 cm\" class=\"light-dropshaddow\" itemprop=\"contentUrl\" alt=\"\"><meta itemprop=\"url\" content=\"https:\/\/backup.nativo.graphics\/wp-content\/uploads\/2018\/12\/homenaje-2-366x240.jpg\"><meta itemprop=\"width\" content=\"366px\"><meta itemprop=\"height\" content=\"240px\"><\/div><\/div><div class=\"caption kad_caption\"><div class=\"kad_caption_inner\">HOMENAJE A ELLSWORTH, 2018 Resina pigmentada sobre panel 6 piezas 130 x 200 cm<\/div><\/div><\/a><\/div><\/div><div class=\"tcol-lg-4 tcol-md-4 tcol-sm-4 tcol-xs-6 tcol-ss-12 g_item\"><div class=\"grid_item kt_item_fade_in kad_gallery_fade_in gallery_item\"><a href=\"https:\/\/backup.nativo.graphics\/wp-content\/uploads\/2018\/12\/modmin.jpg\" data-rel=\"lightbox\" class=\"lightboxhover\"><div class=\"kt-intrinsic\" style=\"padding-bottom:96.72131147541%;\"><div itemprop=\"image\" itemscope itemtype=\"https:\/\/schema.org\/ImageObject\"><img loading=\"lazy\" decoding=\"async\" width=\"366\" height=\"354\" src=\"https:\/\/backup.nativo.graphics\/wp-content\/uploads\/2018\/12\/modmin-366x354.jpg\" srcset=\"https:\/\/backup.nativo.graphics\/wp-content\/uploads\/2018\/12\/modmin-366x354.jpg 366w, https:\/\/backup.nativo.graphics\/wp-content\/uploads\/2018\/12\/modmin-300x290.jpg 300w, https:\/\/backup.nativo.graphics\/wp-content\/uploads\/2018\/12\/modmin-768x742.jpg 768w, https:\/\/backup.nativo.graphics\/wp-content\/uploads\/2018\/12\/modmin-1024x990.jpg 1024w, https:\/\/backup.nativo.graphics\/wp-content\/uploads\/2018\/12\/modmin-732x708.jpg 732w, https:\/\/backup.nativo.graphics\/wp-content\/uploads\/2018\/12\/modmin.jpg 2152w\" sizes=\"auto, (max-width: 366px) 100vw, 366px\" data-caption=\"MODMIN, 2018, Resina pigmentada sobre panel 122 X 122 cm\" class=\"light-dropshaddow\" itemprop=\"contentUrl\" alt=\"\"><meta itemprop=\"url\" content=\"https:\/\/backup.nativo.graphics\/wp-content\/uploads\/2018\/12\/modmin-366x354.jpg\"><meta itemprop=\"width\" content=\"366px\"><meta itemprop=\"height\" content=\"354px\"><\/div><\/div><div class=\"caption kad_caption\"><div class=\"kad_caption_inner\">MODMIN, 2018, Resina pigmentada sobre panel 122 X 122 cm<\/div><\/div><\/a><\/div><\/div><\/div>\n<p style=\"text-align: justify;\">Francisco Valverde (Morelos, M\u00e9xico, 1972), sin pincel y con botes llenos de materia sint\u00e9tica de vivos colores, nos comparte su b\u00fasqueda a trav\u00e9s del elemento esencial del dibujo y la pintura: \u201cla l\u00ednea\u201d. Una complejidad pl\u00e1stica y viva, donde puede sugerirse un fondo, la profundidad de una forma o una historia.<\/p>\n<p style=\"text-align: justify;\">El resultado de la necesidad de volver a empezar es el conjunto aqu\u00ed reunido. Nace del inter\u00e9s en la acumulaci\u00f3n de l\u00edneas portadoras de direcci\u00f3n y energ\u00eda, l\u00edneas que son imperfectas, que niegan su caracter\u00edstica m\u00e1s representativa: la rectitud; l\u00edneas que se presentan como las rayas de un ni\u00f1o jugando, que conforman una estructura r\u00edtmica en la que se percibe un orden anhelado. Composiciones que recuerdan un enrejado m\u00e1s que una trama.<\/p>\n\n<div class=\"sp-wrap sp-wrap-default\">\n<div class=\"sp-head\" title=\"Expand\">\nCurriculum Vitae\n<\/div>\n<div class=\"sp-body folded\">\n<p><strong>Francisco Valverde<\/strong><br \/>\n<strong>Estudios<\/strong><br \/>\n1990 Cursa sus estudios en el Art Center Collegue of Design haciendo Licenciatura en Artes Pl\u00e1sticas , Pasadena, California.<\/p>\n<p><strong>Exposiciones Individuales<\/strong><br \/>\n2014 Entramados, Galer\u00eda Alfredo Ginochio, M\u00e9xico D.F.<br \/>\n2013 Art Wynwood, Galer\u00eda Alfredo Ginocchio, Miami.<br \/>\n2007 Adorables Criaturas, Consulado General de M\u00e9xico en San Francisco, California, EUA.<br \/>\n2005 Icono-Hombres, Centro Morelense de las Artes, Cuernavaca, Morelos.<br \/>\nEpisodios, en el Centro Cultural Dozsa Muveledesi Haz, Budapest, Hungr\u00eda.<\/p>\n<p><strong>Exposiciones Colectivas<\/strong><br \/>\nMuseo de Artes Contempor\u00e1neo de Oaxaca, Oaxaca, M\u00e9xico.<br \/>\nGaler\u00eda del Centro de Difusi\u00f3n Cultural, Instituto Potosino de Bellas Artes, San Lu\u00eds Potos\u00ed.<br \/>\nMuseo de Arte de Sinaloa, Culiac\u00e1n, Sinaloa, M\u00e9xico.<br \/>\nEl Dios venidero, Bienal Rufino Tamayo, Museo Tamayo, Ciudad de M\u00e9xico.<br \/>\nLo que ves no es todo lo que hay, Galer\u00eda La Habana. M\u00e9xico D. F.<\/p>\n<p><strong>Becas<\/strong><br \/>\n2009 FOECA, Creadores con Trayectoria (Instituto de Cultura de Morelos, Consejo Nacional para la Cultura y las Artes), con el proyecto Rayando para caminar.<br \/>\n2009 Fue seleccionado finalista en el Encuentro Internacional de Grabado No T\u00f3xico, Parque Fundidora, Monterrey, N.L.<br \/>\n2004 Becario del programa J\u00f3venes Creadores, Instituto de Cultura de Morelos, FONCA, con el proyecto La Muerte de Dionisio.<\/p>\n<p><strong>Ferias<\/strong><br \/>\n2002 FIA en Venezuela<br \/>\n2001 ART MIAM<\/p>\n<div class=\"spdiv\">[collapse]<\/div>\n<\/div>\n<\/div>\n\n","protected":false},"excerpt":{"rendered":"<p>&lt;&lt; Ant. | Artistas | Sig. &gt;&gt; Francisco Valverde (Morelos, M\u00e9xico, 1972), sin pincel y con botes llenos de materia sint\u00e9tica de vivos colores, nos comparte su b\u00fasqueda a trav\u00e9s del elemento esencial del dibujo y la pintura: \u201cla l\u00ednea\u201d. &hellip; <a class=\"kt-excerpt-readmore\" href=\"https:\/\/backup.nativo.graphics\/en\/catalogo\/pintura\/francisco-valverde\/\" aria-label=\"\">Read More<\/a><\/p>\n","protected":false},"author":1,"featured_media":11765,"parent":590,"menu_order":0,"comment_status":"open","ping_status":"closed","template":"page-fullwidth.php","meta":{"kt_blocks_editor_width":"","footnotes":""},"class_list":["post-8498","page","type-page","status-publish","has-post-thumbnail","hentry"],"_links":{"self":[{"href":"https:\/\/backup.nativo.graphics\/en\/wp-json\/wp\/v2\/pages\/8498","targetHints":{"allow":["GET"]}}],"collection":[{"href":"https:\/\/backup.nativo.graphics\/en\/wp-json\/wp\/v2\/pages"}],"about":[{"href":"https:\/\/backup.nativo.graphics\/en\/wp-json\/wp\/v2\/types\/page"}],"author":[{"embeddable":true,"href":"https:\/\/backup.nativo.graphics\/en\/wp-json\/wp\/v2\/users\/1"}],"replies":[{"embeddable":true,"href":"https:\/\/backup.nativo.graphics\/en\/wp-json\/wp\/v2\/comments?post=8498"}],"version-history":[{"count":1,"href":"https:\/\/backup.nativo.graphics\/en\/wp-json\/wp\/v2\/pages\/8498\/revisions"}],"predecessor-version":[{"id":13949,"href":"https:\/\/backup.nativo.graphics\/en\/wp-json\/wp\/v2\/pages\/8498\/revisions\/13949"}],"up":[{"embeddable":true,"href":"https:\/\/backup.nativo.graphics\/en\/wp-json\/wp\/v2\/pages\/590"}],"wp:featuredmedia":[{"embeddable":true,"href":"https:\/\/backup.nativo.graphics\/en\/wp-json\/wp\/v2\/media\/11765"}],"wp:attachment":[{"href":"https:\/\/backup.nativo.graphics\/en\/wp-json\/wp\/v2\/media?parent=8498"}],"curies":[{"name":"wp","href":"https:\/\/api.w.org\/{rel}","templated":true}]}}